{"id":24337,"date":"2020-10-10T16:14:55","date_gmt":"2020-10-10T13:14:55","guid":{"rendered":"https:\/\/metropolkurslari.com\/our-education-system\/"},"modified":"2020-10-10T16:19:15","modified_gmt":"2020-10-10T13:19:15","slug":"our-education-system","status":"publish","type":"page","link":"https:\/\/metropolkurslari.com\/en\/our-education-system\/","title":{"rendered":"Our Education System"},"content":{"rendered":"<p>[vc_row vc_row_background=&#8221;&#8221; el_class=&#8221;.jeg_sidebar_left&#8221;][vc_column width=&#8221;2\/3&#8243;][vc_custom_heading text=&#8221;<strong>Our Education System<\/strong>&#8221; font_container=&#8221;tag:h3|font_size:24px|text_align:left&#8221; use_theme_fonts=&#8221;yes&#8221;][vc_column_text]In Metropol Courses,<\/p>\n<ul>\n<li>The subjects are explained in detail and the necessary repetitions are made in order to understand the subjects well.<\/li>\n<li>The learning level of the students is monitored with the tests and subject screening exams given at the end of the subject.<\/li>\n<li>Subjects are reinforced with homework booklets and other materials given to students.<\/li>\n<li>Homework follow-up is done by the course teachers. Homework follow-up reports are recorded by the guidance service and routinely shared with parents.<\/li>\n<li>One-to-one private lessons, study, and additional course programs are continuously carried out under the supervision of the teachers.<\/li>\n<li>Lecture books, question banks, homework and workbooks, leaf tests, and screening tests prepared by our expert teachers are distributed to our students free of charge.<\/li>\n<li>Lessons are conducted within a certain system. In this way, attendance and absenteeism are monitored and students&#8217; participation in the lessons is ensured.<\/li>\n<li>Our parents can get all the information about their students face to face, by phone or through our student\/parent information system. Our guidance service makes private meetings with parents when it deems necessary.<\/li>\n<li>The development stages of the students are monitored continuously and their exam results, attendance-absenteeism information, and their morale-motivation status are shared with their parents.<\/li>\n<li>In our courses, there are libraries and study halls where our students can work efficiently outside the classroom. Our students can easily use these environments whenever they want.<\/li>\n<li>Social activities are organized at regular intervals in our courses in order to reduce the exam stress of our students and increase their morale-motivation.<\/li>\n<\/ul>\n<p>[\/vc_column_text][\/vc_column][vc_column width=&#8221;1\/3&#8243; sticky_sidebar=&#8221;yes&#8221; set_as_sidebar=&#8221;yes&#8221;][vc_empty_space height=&#8221;20px&#8221;][vc_widget_sidebar sidebar_id=&#8221;home-2&#8243;][\/vc_column][\/vc_row]<\/p>\n","protected":false},"excerpt":{"rendered":"<p>[vc_row vc_row_background=&#8221;&#8221; el_class=&#8221;.jeg_sidebar_left&#8221;][vc_column width=&#8221;2\/3&#8243;][vc_custom_heading text=&#8221;Our Education System&#8221; font_container=&#8221;tag:h3|font_size:24px|text_align:left&#8221; use_theme_fonts=&#8221;yes&#8221;][vc_column_text]In Metropol Courses, The subjects are explained in detail and the necessary repetitions are made in order to understand the subjects well. The learning level of the students is monitored with the tests and subject screening exams given at the end of the subject. Subjects are reinforced [&hellip;]<\/p>\n","protected":false},"author":1,"featured_media":0,"parent":0,"menu_order":0,"comment_status":"closed","ping_status":"closed","template":"template-builder.php","meta":[],"yoast_head":"<!-- This site is optimized with the Yoast SEO plugin v19.13 - https:\/\/yoast.com\/wordpress\/plugins\/seo\/ -->\n<title>Our Education System - Metropol Kurslar\u0131<\/title>\n<meta name=\"description\" content=\"ankara y\u00f6s, ankara y\u00f6s kurslar\u0131, ankara y\u00f6s kursu, y\u00f6s kursu ankara, y\u00f6s kurslar\u0131 ankara, ankara y\u00f6s dersaneleri, ankara y\u00f6s dershaneleri, y\u00f6s ankara dersleri, ankaradaki en iyi y\u00f6s kurslar\u0131,ankara sat kursu, ankara sat kurslar\u0131, sat kurslar\u0131 ankara, sat courses, ankaradaki en iyi y\u00f6s dersaneleri\/dershaneleri, y\u00f6s, yabanc\u0131 \u00f6\u011frenci s\u0131nav\u0131, y\u00f6s s\u0131nav\u0131, y\u00f6s s\u0131navlar\u0131, y\u00f6s kurslar\u0131, y\u00f6s dershaneleri\/dersaneleri, y\u00f6s 2021, y\u00f6s 2022, y\u00f6s 2023, y\u00f6s haz\u0131rl\u0131k, y\u00f6s dersleri, y\u00f6s \u00f6zel ders, y\u00f6s matematik, y\u00f6s IQ, y\u00f6s geometri, y\u00f6s yay\u0131nlar\u0131, y\u00f6s kitaplar\u0131, y\u00f6s rehberi, y\u00f6s duyurular\u0131, y\u00f6s bilgileri, y\u00f6s haz\u0131rl\u0131k\" \/>\n<meta name=\"robots\" content=\"index, follow, max-snippet:-1, max-image-preview:large, max-video-preview:-1\" \/>\n<link rel=\"canonical\" href=\"https:\/\/metropolkurslari.com\/en\/our-education-system\/\" \/>\n<meta property=\"og:locale\" content=\"en_US\" \/>\n<meta property=\"og:type\" content=\"article\" \/>\n<meta property=\"og:title\" content=\"Our Education System - Metropol Kurslar\u0131\" \/>\n<meta property=\"og:description\" content=\"ankara y\u00f6s, ankara y\u00f6s kurslar\u0131, ankara y\u00f6s kursu, y\u00f6s kursu ankara, y\u00f6s kurslar\u0131 ankara, ankara y\u00f6s dersaneleri, ankara y\u00f6s dershaneleri, y\u00f6s ankara dersleri, ankaradaki en iyi y\u00f6s kurslar\u0131,ankara sat kursu, ankara sat kurslar\u0131, sat kurslar\u0131 ankara, sat courses, ankaradaki en iyi y\u00f6s dersaneleri\/dershaneleri, y\u00f6s, yabanc\u0131 \u00f6\u011frenci s\u0131nav\u0131, y\u00f6s s\u0131nav\u0131, y\u00f6s s\u0131navlar\u0131, y\u00f6s kurslar\u0131, y\u00f6s dershaneleri\/dersaneleri, y\u00f6s 2021, y\u00f6s 2022, y\u00f6s 2023, y\u00f6s haz\u0131rl\u0131k, y\u00f6s dersleri, y\u00f6s \u00f6zel ders, y\u00f6s matematik, y\u00f6s IQ, y\u00f6s geometri, y\u00f6s yay\u0131nlar\u0131, y\u00f6s kitaplar\u0131, y\u00f6s rehberi, y\u00f6s duyurular\u0131, y\u00f6s bilgileri, y\u00f6s haz\u0131rl\u0131k\" \/>\n<meta property=\"og:url\" content=\"https:\/\/metropolkurslari.com\/en\/our-education-system\/\" \/>\n<meta property=\"og:site_name\" content=\"Metropol Kurslar\u0131\" \/>\n<meta property=\"article:publisher\" content=\"https:\/\/www.facebook.com\/metropolkurslari\/\" \/>\n<meta property=\"article:modified_time\" content=\"2020-10-10T13:19:15+00:00\" \/>\n<meta property=\"og:image\" content=\"https:\/\/metropolkurslari.com\/wp-content\/uploads\/2021\/12\/metropol-sosyal-medya.jpg\" \/>\n\t<meta property=\"og:image:width\" content=\"1200\" \/>\n\t<meta property=\"og:image:height\" content=\"630\" \/>\n\t<meta property=\"og:image:type\" content=\"image\/jpeg\" \/>\n<meta name=\"twitter:card\" content=\"summary_large_image\" \/>\n<meta name=\"twitter:site\" content=\"@metropolkurs\" \/>\n<meta name=\"twitter:label1\" content=\"Est. reading time\" \/>\n\t<meta name=\"twitter:data1\" content=\"2 minutes\" \/>\n<script type=\"application\/ld+json\" class=\"yoast-schema-graph\">{\"@context\":\"https:\/\/schema.org\",\"@graph\":[{\"@type\":\"WebPage\",\"@id\":\"https:\/\/metropolkurslari.com\/en\/our-education-system\/\",\"url\":\"https:\/\/metropolkurslari.com\/en\/our-education-system\/\",\"name\":\"Our Education System - Metropol Kurslar\u0131\",\"isPartOf\":{\"@id\":\"https:\/\/metropolkurslari.com\/#website\"},\"datePublished\":\"2020-10-10T13:14:55+00:00\",\"dateModified\":\"2020-10-10T13:19:15+00:00\",\"description\":\"ankara y\u00f6s, ankara y\u00f6s kurslar\u0131, ankara y\u00f6s kursu, y\u00f6s kursu ankara, y\u00f6s kurslar\u0131 ankara, ankara y\u00f6s dersaneleri, ankara y\u00f6s dershaneleri, y\u00f6s ankara dersleri, ankaradaki en iyi y\u00f6s kurslar\u0131,ankara sat kursu, ankara sat kurslar\u0131, sat kurslar\u0131 ankara, sat courses, ankaradaki en iyi y\u00f6s dersaneleri\/dershaneleri, y\u00f6s, yabanc\u0131 \u00f6\u011frenci s\u0131nav\u0131, y\u00f6s s\u0131nav\u0131, y\u00f6s s\u0131navlar\u0131, y\u00f6s kurslar\u0131, y\u00f6s dershaneleri\/dersaneleri, y\u00f6s 2021, y\u00f6s 2022, y\u00f6s 2023, y\u00f6s haz\u0131rl\u0131k, y\u00f6s dersleri, y\u00f6s \u00f6zel ders, y\u00f6s matematik, y\u00f6s IQ, y\u00f6s geometri, y\u00f6s yay\u0131nlar\u0131, y\u00f6s kitaplar\u0131, y\u00f6s rehberi, y\u00f6s duyurular\u0131, y\u00f6s bilgileri, y\u00f6s haz\u0131rl\u0131k\",\"breadcrumb\":{\"@id\":\"https:\/\/metropolkurslari.com\/en\/our-education-system\/#breadcrumb\"},\"inLanguage\":\"en-US\",\"potentialAction\":[{\"@type\":\"ReadAction\",\"target\":[\"https:\/\/metropolkurslari.com\/en\/our-education-system\/\"]}]},{\"@type\":\"BreadcrumbList\",\"@id\":\"https:\/\/metropolkurslari.com\/en\/our-education-system\/#breadcrumb\",\"itemListElement\":[{\"@type\":\"ListItem\",\"position\":1,\"name\":\"Ana sayfa\",\"item\":\"https:\/\/metropolkurslari.com\/en\/\"},{\"@type\":\"ListItem\",\"position\":2,\"name\":\"Our Education System\"}]},{\"@type\":\"WebSite\",\"@id\":\"https:\/\/metropolkurslari.com\/#website\",\"url\":\"https:\/\/metropolkurslari.com\/\",\"name\":\"Metropol Kurslar\u0131\",\"description\":\"\",\"publisher\":{\"@id\":\"https:\/\/metropolkurslari.com\/#organization\"},\"potentialAction\":[{\"@type\":\"SearchAction\",\"target\":{\"@type\":\"EntryPoint\",\"urlTemplate\":\"https:\/\/metropolkurslari.com\/?s={search_term_string}\"},\"query-input\":\"required name=search_term_string\"}],\"inLanguage\":\"en-US\"},{\"@type\":\"Organization\",\"@id\":\"https:\/\/metropolkurslari.com\/#organization\",\"name\":\"Metropol E\u011fitim Kurumlar\u0131\",\"url\":\"https:\/\/metropolkurslari.com\/\",\"logo\":{\"@type\":\"ImageObject\",\"inLanguage\":\"en-US\",\"@id\":\"https:\/\/metropolkurslari.com\/#\/schema\/logo\/image\/\",\"url\":\"https:\/\/metropolkurslari.com\/wp-content\/uploads\/2021\/12\/metropol-sosyal-medya.jpg\",\"contentUrl\":\"https:\/\/metropolkurslari.com\/wp-content\/uploads\/2021\/12\/metropol-sosyal-medya.jpg\",\"width\":1200,\"height\":630,\"caption\":\"Metropol E\u011fitim Kurumlar\u0131\"},\"image\":{\"@id\":\"https:\/\/metropolkurslari.com\/#\/schema\/logo\/image\/\"},\"sameAs\":[\"https:\/\/www.instagram.com\/metropolkurslari\/\",\"https:\/\/www.youtube.com\/metropolegitimkurumlari\",\"https:\/\/www.facebook.com\/metropolkurslari\/\",\"https:\/\/twitter.com\/metropolkurs\"]}]}<\/script>\n<!-- \/ Yoast SEO plugin. -->","yoast_head_json":{"title":"Our Education System - Metropol Kurslar\u0131","description":"ankara y\u00f6s, ankara y\u00f6s kurslar\u0131, ankara y\u00f6s kursu, y\u00f6s kursu ankara, y\u00f6s kurslar\u0131 ankara, ankara y\u00f6s dersaneleri, ankara y\u00f6s dershaneleri, y\u00f6s ankara dersleri, ankaradaki en iyi y\u00f6s kurslar\u0131,ankara sat kursu, ankara sat kurslar\u0131, sat kurslar\u0131 ankara, sat courses, ankaradaki en iyi y\u00f6s dersaneleri\/dershaneleri, y\u00f6s, yabanc\u0131 \u00f6\u011frenci s\u0131nav\u0131, y\u00f6s s\u0131nav\u0131, y\u00f6s s\u0131navlar\u0131, y\u00f6s kurslar\u0131, y\u00f6s dershaneleri\/dersaneleri, y\u00f6s 2021, y\u00f6s 2022, y\u00f6s 2023, y\u00f6s haz\u0131rl\u0131k, y\u00f6s dersleri, y\u00f6s \u00f6zel ders, y\u00f6s matematik, y\u00f6s IQ, y\u00f6s geometri, y\u00f6s yay\u0131nlar\u0131, y\u00f6s kitaplar\u0131, y\u00f6s rehberi, y\u00f6s duyurular\u0131, y\u00f6s bilgileri, y\u00f6s haz\u0131rl\u0131k","robots":{"index":"index","follow":"follow","max-snippet":"max-snippet:-1","max-image-preview":"max-image-preview:large","max-video-preview":"max-video-preview:-1"},"canonical":"https:\/\/metropolkurslari.com\/en\/our-education-system\/","og_locale":"en_US","og_type":"article","og_title":"Our Education System - Metropol Kurslar\u0131","og_description":"ankara y\u00f6s, ankara y\u00f6s kurslar\u0131, ankara y\u00f6s kursu, y\u00f6s kursu ankara, y\u00f6s kurslar\u0131 ankara, ankara y\u00f6s dersaneleri, ankara y\u00f6s dershaneleri, y\u00f6s ankara dersleri, ankaradaki en iyi y\u00f6s kurslar\u0131,ankara sat kursu, ankara sat kurslar\u0131, sat kurslar\u0131 ankara, sat courses, ankaradaki en iyi y\u00f6s dersaneleri\/dershaneleri, y\u00f6s, yabanc\u0131 \u00f6\u011frenci s\u0131nav\u0131, y\u00f6s s\u0131nav\u0131, y\u00f6s s\u0131navlar\u0131, y\u00f6s kurslar\u0131, y\u00f6s dershaneleri\/dersaneleri, y\u00f6s 2021, y\u00f6s 2022, y\u00f6s 2023, y\u00f6s haz\u0131rl\u0131k, y\u00f6s dersleri, y\u00f6s \u00f6zel ders, y\u00f6s matematik, y\u00f6s IQ, y\u00f6s geometri, y\u00f6s yay\u0131nlar\u0131, y\u00f6s kitaplar\u0131, y\u00f6s rehberi, y\u00f6s duyurular\u0131, y\u00f6s bilgileri, y\u00f6s haz\u0131rl\u0131k","og_url":"https:\/\/metropolkurslari.com\/en\/our-education-system\/","og_site_name":"Metropol Kurslar\u0131","article_publisher":"https:\/\/www.facebook.com\/metropolkurslari\/","article_modified_time":"2020-10-10T13:19:15+00:00","og_image":[{"width":1200,"height":630,"url":"https:\/\/metropolkurslari.com\/wp-content\/uploads\/2021\/12\/metropol-sosyal-medya.jpg","type":"image\/jpeg"}],"twitter_card":"summary_large_image","twitter_site":"@metropolkurs","twitter_misc":{"Est. reading time":"2 minutes"},"schema":{"@context":"https:\/\/schema.org","@graph":[{"@type":"WebPage","@id":"https:\/\/metropolkurslari.com\/en\/our-education-system\/","url":"https:\/\/metropolkurslari.com\/en\/our-education-system\/","name":"Our Education System - Metropol Kurslar\u0131","isPartOf":{"@id":"https:\/\/metropolkurslari.com\/#website"},"datePublished":"2020-10-10T13:14:55+00:00","dateModified":"2020-10-10T13:19:15+00:00","description":"ankara y\u00f6s, ankara y\u00f6s kurslar\u0131, ankara y\u00f6s kursu, y\u00f6s kursu ankara, y\u00f6s kurslar\u0131 ankara, ankara y\u00f6s dersaneleri, ankara y\u00f6s dershaneleri, y\u00f6s ankara dersleri, ankaradaki en iyi y\u00f6s kurslar\u0131,ankara sat kursu, ankara sat kurslar\u0131, sat kurslar\u0131 ankara, sat courses, ankaradaki en iyi y\u00f6s dersaneleri\/dershaneleri, y\u00f6s, yabanc\u0131 \u00f6\u011frenci s\u0131nav\u0131, y\u00f6s s\u0131nav\u0131, y\u00f6s s\u0131navlar\u0131, y\u00f6s kurslar\u0131, y\u00f6s dershaneleri\/dersaneleri, y\u00f6s 2021, y\u00f6s 2022, y\u00f6s 2023, y\u00f6s haz\u0131rl\u0131k, y\u00f6s dersleri, y\u00f6s \u00f6zel ders, y\u00f6s matematik, y\u00f6s IQ, y\u00f6s geometri, y\u00f6s yay\u0131nlar\u0131, y\u00f6s kitaplar\u0131, y\u00f6s rehberi, y\u00f6s duyurular\u0131, y\u00f6s bilgileri, y\u00f6s haz\u0131rl\u0131k","breadcrumb":{"@id":"https:\/\/metropolkurslari.com\/en\/our-education-system\/#breadcrumb"},"inLanguage":"en-US","potentialAction":[{"@type":"ReadAction","target":["https:\/\/metropolkurslari.com\/en\/our-education-system\/"]}]},{"@type":"BreadcrumbList","@id":"https:\/\/metropolkurslari.com\/en\/our-education-system\/#breadcrumb","itemListElement":[{"@type":"ListItem","position":1,"name":"Ana sayfa","item":"https:\/\/metropolkurslari.com\/en\/"},{"@type":"ListItem","position":2,"name":"Our Education System"}]},{"@type":"WebSite","@id":"https:\/\/metropolkurslari.com\/#website","url":"https:\/\/metropolkurslari.com\/","name":"Metropol Kurslar\u0131","description":"","publisher":{"@id":"https:\/\/metropolkurslari.com\/#organization"},"potentialAction":[{"@type":"SearchAction","target":{"@type":"EntryPoint","urlTemplate":"https:\/\/metropolkurslari.com\/?s={search_term_string}"},"query-input":"required name=search_term_string"}],"inLanguage":"en-US"},{"@type":"Organization","@id":"https:\/\/metropolkurslari.com\/#organization","name":"Metropol E\u011fitim Kurumlar\u0131","url":"https:\/\/metropolkurslari.com\/","logo":{"@type":"ImageObject","inLanguage":"en-US","@id":"https:\/\/metropolkurslari.com\/#\/schema\/logo\/image\/","url":"https:\/\/metropolkurslari.com\/wp-content\/uploads\/2021\/12\/metropol-sosyal-medya.jpg","contentUrl":"https:\/\/metropolkurslari.com\/wp-content\/uploads\/2021\/12\/metropol-sosyal-medya.jpg","width":1200,"height":630,"caption":"Metropol E\u011fitim Kurumlar\u0131"},"image":{"@id":"https:\/\/metropolkurslari.com\/#\/schema\/logo\/image\/"},"sameAs":["https:\/\/www.instagram.com\/metropolkurslari\/","https:\/\/www.youtube.com\/metropolegitimkurumlari","https:\/\/www.facebook.com\/metropolkurslari\/","https:\/\/twitter.com\/metropolkurs"]}]}},"_links":{"self":[{"href":"https:\/\/metropolkurslari.com\/en\/wp-json\/wp\/v2\/pages\/24337"}],"collection":[{"href":"https:\/\/metropolkurslari.com\/en\/wp-json\/wp\/v2\/pages"}],"about":[{"href":"https:\/\/metropolkurslari.com\/en\/wp-json\/wp\/v2\/types\/page"}],"author":[{"embeddable":true,"href":"https:\/\/metropolkurslari.com\/en\/wp-json\/wp\/v2\/users\/1"}],"replies":[{"embeddable":true,"href":"https:\/\/metropolkurslari.com\/en\/wp-json\/wp\/v2\/comments?post=24337"}],"version-history":[{"count":3,"href":"https:\/\/metropolkurslari.com\/en\/wp-json\/wp\/v2\/pages\/24337\/revisions"}],"predecessor-version":[{"id":24340,"href":"https:\/\/metropolkurslari.com\/en\/wp-json\/wp\/v2\/pages\/24337\/revisions\/24340"}],"wp:attachment":[{"href":"https:\/\/metropolkurslari.com\/en\/wp-json\/wp\/v2\/media?parent=24337"}],"curies":[{"name":"wp","href":"https:\/\/api.w.org\/{rel}","templated":true}]}}