{"id":24341,"date":"2020-10-10T16:21:32","date_gmt":"2020-10-10T13:21:32","guid":{"rendered":"https:\/\/metropolkurslari.com\/about-us\/"},"modified":"2024-10-04T17:01:35","modified_gmt":"2024-10-04T14:01:35","slug":"about-us","status":"publish","type":"page","link":"https:\/\/metropolkurslari.com\/en\/about-us\/","title":{"rendered":"About Us"},"content":{"rendered":"<p>[vc_row vc_row_background=&#8221;&#8221; el_class=&#8221;.jeg_sidebar_left&#8221;][vc_column width=&#8221;2\/3&#8243;][vc_custom_heading text=&#8221;<strong>About Us<\/strong>&#8221; font_container=&#8221;tag:h3|font_size:24px|text_align:left&#8221; use_theme_fonts=&#8221;yes&#8221;][vc_column_text]<\/p>\n<p>Metropol Courses is a chain of educational institutions that have contributed to shaping the future of hundreds of thousands of students with the courses they have organized in the fields of preparation for TR-Y\u00d6S and SAT exams since 1995, as well as in the field of Turkish teaching (T\u00d6MER) to foreign students.<\/p>\n<p>Our institution has undertaken a modern and principled understanding of education at every level of education by constantly improving its educational perspective, with the pride and confidence given to it by the students who have achieved superior success in the exams thanks to the courses organized in our branches.<\/p>\n<p>The experience we have accumulated over many years has enabled us to evaluate every development in all areas we serve in a way that will increase the success of our students and to become more productive by renewing ourselves.<\/p>\n<p>Our institution will continue its principled, contemporary and constantly renewing education approach in the future and will continue to shed light on the future of our dear students.<\/p>\n<p>Best Regards.<\/p>\n<p>[\/vc_column_text][\/vc_column][vc_column width=&#8221;1\/3&#8243;][vc_empty_space height=&#8221;20px&#8221;][vc_widget_sidebar sidebar_id=&#8221;home-2&#8243;][\/vc_column][\/vc_row]<\/p>\n","protected":false},"excerpt":{"rendered":"<p>[vc_row vc_row_background=&#8221;&#8221; el_class=&#8221;.jeg_sidebar_left&#8221;][vc_column width=&#8221;2\/3&#8243;][vc_custom_heading text=&#8221;About Us&#8221; font_container=&#8221;tag:h3|font_size:24px|text_align:left&#8221; use_theme_fonts=&#8221;yes&#8221;][vc_column_text] Metropol Courses is a chain of educational institutions that have contributed to shaping the future of hundreds of thousands of students with the courses they have organized in the fields of preparation for TR-Y\u00d6S and SAT exams since 1995, as well as in the field of Turkish [&hellip;]<\/p>\n","protected":false},"author":1,"featured_media":0,"parent":0,"menu_order":0,"comment_status":"closed","ping_status":"closed","template":"template-builder.php","meta":[],"yoast_head":"<!-- This site is optimized with the Yoast SEO plugin v19.13 - https:\/\/yoast.com\/wordpress\/plugins\/seo\/ -->\n<title>About Us - Metropol Kurslar\u0131<\/title>\n<meta name=\"description\" content=\"ankara y\u00f6s, ankara y\u00f6s kurslar\u0131, ankara y\u00f6s kursu, y\u00f6s kursu ankara, y\u00f6s kurslar\u0131 ankara, ankara y\u00f6s dersaneleri, ankara y\u00f6s dershaneleri, y\u00f6s ankara dersleri, ankaradaki en iyi y\u00f6s kurslar\u0131,ankara sat kursu, ankara sat kurslar\u0131, sat kurslar\u0131 ankara, sat courses, ankaradaki en iyi y\u00f6s dersaneleri\/dershaneleri, y\u00f6s, yabanc\u0131 \u00f6\u011frenci s\u0131nav\u0131, y\u00f6s s\u0131nav\u0131, y\u00f6s s\u0131navlar\u0131, y\u00f6s kurslar\u0131, y\u00f6s dershaneleri\/dersaneleri, y\u00f6s 2021, y\u00f6s 2022, y\u00f6s 2023, y\u00f6s haz\u0131rl\u0131k, y\u00f6s dersleri, y\u00f6s \u00f6zel ders, y\u00f6s matematik, y\u00f6s IQ, y\u00f6s geometri, y\u00f6s yay\u0131nlar\u0131, y\u00f6s kitaplar\u0131, y\u00f6s rehberi, y\u00f6s duyurular\u0131, y\u00f6s bilgileri, y\u00f6s haz\u0131rl\u0131k\" \/>\n<meta name=\"robots\" content=\"index, follow, max-snippet:-1, max-image-preview:large, max-video-preview:-1\" \/>\n<link rel=\"canonical\" href=\"https:\/\/metropolkurslari.com\/en\/about-us\/\" \/>\n<meta property=\"og:locale\" content=\"en_US\" \/>\n<meta property=\"og:type\" content=\"article\" \/>\n<meta property=\"og:title\" content=\"About Us - Metropol Kurslar\u0131\" \/>\n<meta property=\"og:description\" content=\"ankara y\u00f6s, ankara y\u00f6s kurslar\u0131, ankara y\u00f6s kursu, y\u00f6s kursu ankara, y\u00f6s kurslar\u0131 ankara, ankara y\u00f6s dersaneleri, ankara y\u00f6s dershaneleri, y\u00f6s ankara dersleri, ankaradaki en iyi y\u00f6s kurslar\u0131,ankara sat kursu, ankara sat kurslar\u0131, sat kurslar\u0131 ankara, sat courses, ankaradaki en iyi y\u00f6s dersaneleri\/dershaneleri, y\u00f6s, yabanc\u0131 \u00f6\u011frenci s\u0131nav\u0131, y\u00f6s s\u0131nav\u0131, y\u00f6s s\u0131navlar\u0131, y\u00f6s kurslar\u0131, y\u00f6s dershaneleri\/dersaneleri, y\u00f6s 2021, y\u00f6s 2022, y\u00f6s 2023, y\u00f6s haz\u0131rl\u0131k, y\u00f6s dersleri, y\u00f6s \u00f6zel ders, y\u00f6s matematik, y\u00f6s IQ, y\u00f6s geometri, y\u00f6s yay\u0131nlar\u0131, y\u00f6s kitaplar\u0131, y\u00f6s rehberi, y\u00f6s duyurular\u0131, y\u00f6s bilgileri, y\u00f6s haz\u0131rl\u0131k\" \/>\n<meta property=\"og:url\" content=\"https:\/\/metropolkurslari.com\/en\/about-us\/\" \/>\n<meta property=\"og:site_name\" content=\"Metropol Kurslar\u0131\" \/>\n<meta property=\"article:publisher\" content=\"https:\/\/www.facebook.com\/metropolkurslari\/\" \/>\n<meta property=\"article:modified_time\" content=\"2024-10-04T14:01:35+00:00\" \/>\n<meta property=\"og:image\" content=\"https:\/\/metropolkurslari.com\/wp-content\/uploads\/2021\/12\/metropol-sosyal-medya.jpg\" \/>\n\t<meta property=\"og:image:width\" content=\"1200\" \/>\n\t<meta property=\"og:image:height\" content=\"630\" \/>\n\t<meta property=\"og:image:type\" content=\"image\/jpeg\" \/>\n<meta name=\"twitter:card\" content=\"summary_large_image\" \/>\n<meta name=\"twitter:site\" content=\"@metropolkurs\" \/>\n<meta name=\"twitter:label1\" content=\"Est. reading time\" \/>\n\t<meta name=\"twitter:data1\" content=\"1 minute\" \/>\n<script type=\"application\/ld+json\" class=\"yoast-schema-graph\">{\"@context\":\"https:\/\/schema.org\",\"@graph\":[{\"@type\":\"WebPage\",\"@id\":\"https:\/\/metropolkurslari.com\/en\/about-us\/\",\"url\":\"https:\/\/metropolkurslari.com\/en\/about-us\/\",\"name\":\"About Us - Metropol Kurslar\u0131\",\"isPartOf\":{\"@id\":\"https:\/\/metropolkurslari.com\/#website\"},\"datePublished\":\"2020-10-10T13:21:32+00:00\",\"dateModified\":\"2024-10-04T14:01:35+00:00\",\"description\":\"ankara y\u00f6s, ankara y\u00f6s kurslar\u0131, ankara y\u00f6s kursu, y\u00f6s kursu ankara, y\u00f6s kurslar\u0131 ankara, ankara y\u00f6s dersaneleri, ankara y\u00f6s dershaneleri, y\u00f6s ankara dersleri, ankaradaki en iyi y\u00f6s kurslar\u0131,ankara sat kursu, ankara sat kurslar\u0131, sat kurslar\u0131 ankara, sat courses, ankaradaki en iyi y\u00f6s dersaneleri\/dershaneleri, y\u00f6s, yabanc\u0131 \u00f6\u011frenci s\u0131nav\u0131, y\u00f6s s\u0131nav\u0131, y\u00f6s s\u0131navlar\u0131, y\u00f6s kurslar\u0131, y\u00f6s dershaneleri\/dersaneleri, y\u00f6s 2021, y\u00f6s 2022, y\u00f6s 2023, y\u00f6s haz\u0131rl\u0131k, y\u00f6s dersleri, y\u00f6s \u00f6zel ders, y\u00f6s matematik, y\u00f6s IQ, y\u00f6s geometri, y\u00f6s yay\u0131nlar\u0131, y\u00f6s kitaplar\u0131, y\u00f6s rehberi, y\u00f6s duyurular\u0131, y\u00f6s bilgileri, y\u00f6s haz\u0131rl\u0131k\",\"breadcrumb\":{\"@id\":\"https:\/\/metropolkurslari.com\/en\/about-us\/#breadcrumb\"},\"inLanguage\":\"en-US\",\"potentialAction\":[{\"@type\":\"ReadAction\",\"target\":[\"https:\/\/metropolkurslari.com\/en\/about-us\/\"]}]},{\"@type\":\"BreadcrumbList\",\"@id\":\"https:\/\/metropolkurslari.com\/en\/about-us\/#breadcrumb\",\"itemListElement\":[{\"@type\":\"ListItem\",\"position\":1,\"name\":\"Ana sayfa\",\"item\":\"https:\/\/metropolkurslari.com\/en\/\"},{\"@type\":\"ListItem\",\"position\":2,\"name\":\"About Us\"}]},{\"@type\":\"WebSite\",\"@id\":\"https:\/\/metropolkurslari.com\/#website\",\"url\":\"https:\/\/metropolkurslari.com\/\",\"name\":\"Metropol Kurslar\u0131\",\"description\":\"\",\"publisher\":{\"@id\":\"https:\/\/metropolkurslari.com\/#organization\"},\"potentialAction\":[{\"@type\":\"SearchAction\",\"target\":{\"@type\":\"EntryPoint\",\"urlTemplate\":\"https:\/\/metropolkurslari.com\/?s={search_term_string}\"},\"query-input\":\"required name=search_term_string\"}],\"inLanguage\":\"en-US\"},{\"@type\":\"Organization\",\"@id\":\"https:\/\/metropolkurslari.com\/#organization\",\"name\":\"Metropol E\u011fitim Kurumlar\u0131\",\"url\":\"https:\/\/metropolkurslari.com\/\",\"logo\":{\"@type\":\"ImageObject\",\"inLanguage\":\"en-US\",\"@id\":\"https:\/\/metropolkurslari.com\/#\/schema\/logo\/image\/\",\"url\":\"https:\/\/metropolkurslari.com\/wp-content\/uploads\/2021\/12\/metropol-sosyal-medya.jpg\",\"contentUrl\":\"https:\/\/metropolkurslari.com\/wp-content\/uploads\/2021\/12\/metropol-sosyal-medya.jpg\",\"width\":1200,\"height\":630,\"caption\":\"Metropol E\u011fitim Kurumlar\u0131\"},\"image\":{\"@id\":\"https:\/\/metropolkurslari.com\/#\/schema\/logo\/image\/\"},\"sameAs\":[\"https:\/\/www.instagram.com\/metropolkurslari\/\",\"https:\/\/www.youtube.com\/metropolegitimkurumlari\",\"https:\/\/www.facebook.com\/metropolkurslari\/\",\"https:\/\/twitter.com\/metropolkurs\"]}]}<\/script>\n<!-- \/ Yoast SEO plugin. -->","yoast_head_json":{"title":"About Us - Metropol Kurslar\u0131","description":"ankara y\u00f6s, ankara y\u00f6s kurslar\u0131, ankara y\u00f6s kursu, y\u00f6s kursu ankara, y\u00f6s kurslar\u0131 ankara, ankara y\u00f6s dersaneleri, ankara y\u00f6s dershaneleri, y\u00f6s ankara dersleri, ankaradaki en iyi y\u00f6s kurslar\u0131,ankara sat kursu, ankara sat kurslar\u0131, sat kurslar\u0131 ankara, sat courses, ankaradaki en iyi y\u00f6s dersaneleri\/dershaneleri, y\u00f6s, yabanc\u0131 \u00f6\u011frenci s\u0131nav\u0131, y\u00f6s s\u0131nav\u0131, y\u00f6s s\u0131navlar\u0131, y\u00f6s kurslar\u0131, y\u00f6s dershaneleri\/dersaneleri, y\u00f6s 2021, y\u00f6s 2022, y\u00f6s 2023, y\u00f6s haz\u0131rl\u0131k, y\u00f6s dersleri, y\u00f6s \u00f6zel ders, y\u00f6s matematik, y\u00f6s IQ, y\u00f6s geometri, y\u00f6s yay\u0131nlar\u0131, y\u00f6s kitaplar\u0131, y\u00f6s rehberi, y\u00f6s duyurular\u0131, y\u00f6s bilgileri, y\u00f6s haz\u0131rl\u0131k","robots":{"index":"index","follow":"follow","max-snippet":"max-snippet:-1","max-image-preview":"max-image-preview:large","max-video-preview":"max-video-preview:-1"},"canonical":"https:\/\/metropolkurslari.com\/en\/about-us\/","og_locale":"en_US","og_type":"article","og_title":"About Us - Metropol Kurslar\u0131","og_description":"ankara y\u00f6s, ankara y\u00f6s kurslar\u0131, ankara y\u00f6s kursu, y\u00f6s kursu ankara, y\u00f6s kurslar\u0131 ankara, ankara y\u00f6s dersaneleri, ankara y\u00f6s dershaneleri, y\u00f6s ankara dersleri, ankaradaki en iyi y\u00f6s kurslar\u0131,ankara sat kursu, ankara sat kurslar\u0131, sat kurslar\u0131 ankara, sat courses, ankaradaki en iyi y\u00f6s dersaneleri\/dershaneleri, y\u00f6s, yabanc\u0131 \u00f6\u011frenci s\u0131nav\u0131, y\u00f6s s\u0131nav\u0131, y\u00f6s s\u0131navlar\u0131, y\u00f6s kurslar\u0131, y\u00f6s dershaneleri\/dersaneleri, y\u00f6s 2021, y\u00f6s 2022, y\u00f6s 2023, y\u00f6s haz\u0131rl\u0131k, y\u00f6s dersleri, y\u00f6s \u00f6zel ders, y\u00f6s matematik, y\u00f6s IQ, y\u00f6s geometri, y\u00f6s yay\u0131nlar\u0131, y\u00f6s kitaplar\u0131, y\u00f6s rehberi, y\u00f6s duyurular\u0131, y\u00f6s bilgileri, y\u00f6s haz\u0131rl\u0131k","og_url":"https:\/\/metropolkurslari.com\/en\/about-us\/","og_site_name":"Metropol Kurslar\u0131","article_publisher":"https:\/\/www.facebook.com\/metropolkurslari\/","article_modified_time":"2024-10-04T14:01:35+00:00","og_image":[{"width":1200,"height":630,"url":"https:\/\/metropolkurslari.com\/wp-content\/uploads\/2021\/12\/metropol-sosyal-medya.jpg","type":"image\/jpeg"}],"twitter_card":"summary_large_image","twitter_site":"@metropolkurs","twitter_misc":{"Est. reading time":"1 minute"},"schema":{"@context":"https:\/\/schema.org","@graph":[{"@type":"WebPage","@id":"https:\/\/metropolkurslari.com\/en\/about-us\/","url":"https:\/\/metropolkurslari.com\/en\/about-us\/","name":"About Us - Metropol Kurslar\u0131","isPartOf":{"@id":"https:\/\/metropolkurslari.com\/#website"},"datePublished":"2020-10-10T13:21:32+00:00","dateModified":"2024-10-04T14:01:35+00:00","description":"ankara y\u00f6s, ankara y\u00f6s kurslar\u0131, ankara y\u00f6s kursu, y\u00f6s kursu ankara, y\u00f6s kurslar\u0131 ankara, ankara y\u00f6s dersaneleri, ankara y\u00f6s dershaneleri, y\u00f6s ankara dersleri, ankaradaki en iyi y\u00f6s kurslar\u0131,ankara sat kursu, ankara sat kurslar\u0131, sat kurslar\u0131 ankara, sat courses, ankaradaki en iyi y\u00f6s dersaneleri\/dershaneleri, y\u00f6s, yabanc\u0131 \u00f6\u011frenci s\u0131nav\u0131, y\u00f6s s\u0131nav\u0131, y\u00f6s s\u0131navlar\u0131, y\u00f6s kurslar\u0131, y\u00f6s dershaneleri\/dersaneleri, y\u00f6s 2021, y\u00f6s 2022, y\u00f6s 2023, y\u00f6s haz\u0131rl\u0131k, y\u00f6s dersleri, y\u00f6s \u00f6zel ders, y\u00f6s matematik, y\u00f6s IQ, y\u00f6s geometri, y\u00f6s yay\u0131nlar\u0131, y\u00f6s kitaplar\u0131, y\u00f6s rehberi, y\u00f6s duyurular\u0131, y\u00f6s bilgileri, y\u00f6s haz\u0131rl\u0131k","breadcrumb":{"@id":"https:\/\/metropolkurslari.com\/en\/about-us\/#breadcrumb"},"inLanguage":"en-US","potentialAction":[{"@type":"ReadAction","target":["https:\/\/metropolkurslari.com\/en\/about-us\/"]}]},{"@type":"BreadcrumbList","@id":"https:\/\/metropolkurslari.com\/en\/about-us\/#breadcrumb","itemListElement":[{"@type":"ListItem","position":1,"name":"Ana sayfa","item":"https:\/\/metropolkurslari.com\/en\/"},{"@type":"ListItem","position":2,"name":"About Us"}]},{"@type":"WebSite","@id":"https:\/\/metropolkurslari.com\/#website","url":"https:\/\/metropolkurslari.com\/","name":"Metropol Kurslar\u0131","description":"","publisher":{"@id":"https:\/\/metropolkurslari.com\/#organization"},"potentialAction":[{"@type":"SearchAction","target":{"@type":"EntryPoint","urlTemplate":"https:\/\/metropolkurslari.com\/?s={search_term_string}"},"query-input":"required name=search_term_string"}],"inLanguage":"en-US"},{"@type":"Organization","@id":"https:\/\/metropolkurslari.com\/#organization","name":"Metropol E\u011fitim Kurumlar\u0131","url":"https:\/\/metropolkurslari.com\/","logo":{"@type":"ImageObject","inLanguage":"en-US","@id":"https:\/\/metropolkurslari.com\/#\/schema\/logo\/image\/","url":"https:\/\/metropolkurslari.com\/wp-content\/uploads\/2021\/12\/metropol-sosyal-medya.jpg","contentUrl":"https:\/\/metropolkurslari.com\/wp-content\/uploads\/2021\/12\/metropol-sosyal-medya.jpg","width":1200,"height":630,"caption":"Metropol E\u011fitim Kurumlar\u0131"},"image":{"@id":"https:\/\/metropolkurslari.com\/#\/schema\/logo\/image\/"},"sameAs":["https:\/\/www.instagram.com\/metropolkurslari\/","https:\/\/www.youtube.com\/metropolegitimkurumlari","https:\/\/www.facebook.com\/metropolkurslari\/","https:\/\/twitter.com\/metropolkurs"]}]}},"_links":{"self":[{"href":"https:\/\/metropolkurslari.com\/en\/wp-json\/wp\/v2\/pages\/24341"}],"collection":[{"href":"https:\/\/metropolkurslari.com\/en\/wp-json\/wp\/v2\/pages"}],"about":[{"href":"https:\/\/metropolkurslari.com\/en\/wp-json\/wp\/v2\/types\/page"}],"author":[{"embeddable":true,"href":"https:\/\/metropolkurslari.com\/en\/wp-json\/wp\/v2\/users\/1"}],"replies":[{"embeddable":true,"href":"https:\/\/metropolkurslari.com\/en\/wp-json\/wp\/v2\/comments?post=24341"}],"version-history":[{"count":3,"href":"https:\/\/metropolkurslari.com\/en\/wp-json\/wp\/v2\/pages\/24341\/revisions"}],"predecessor-version":[{"id":30341,"href":"https:\/\/metropolkurslari.com\/en\/wp-json\/wp\/v2\/pages\/24341\/revisions\/30341"}],"wp:attachment":[{"href":"https:\/\/metropolkurslari.com\/en\/wp-json\/wp\/v2\/media?parent=24341"}],"curies":[{"name":"wp","href":"https:\/\/api.w.org\/{rel}","templated":true}]}}