{"id":24352,"date":"2020-10-10T16:34:09","date_gmt":"2020-10-10T13:34:09","guid":{"rendered":"https:\/\/metropolkurslari.com\/our-teachers\/"},"modified":"2020-11-10T17:09:28","modified_gmt":"2020-11-10T14:09:28","slug":"our-teachers","status":"publish","type":"page","link":"https:\/\/metropolkurslari.com\/en\/our-teachers\/","title":{"rendered":"Our Teachers"},"content":{"rendered":"<p>[vc_row vc_row_background=&#8221;&#8221; el_class=&#8221;.jeg_sidebar_left&#8221;][vc_column width=&#8221;2\/3&#8243;][vc_custom_heading text=&#8221;<strong>Our Teachers<\/strong>&#8221; font_container=&#8221;tag:h3|font_size:24px|text_align:left&#8221; use_theme_fonts=&#8221;yes&#8221;][vc_column_text]Metropol Courses;<\/p>\n<ul>\n<li>Works with teachers who have a high level of experience in their fields of expertise,<\/li>\n<li>Are experienced in knowledge transfer,<\/li>\n<li>Pedagogically competent and have a professional approach in exam preparation processes.<\/li>\n<\/ul>\n<p>Our teachers are in our institutions during all working hours and try to transfer all their knowledge and information to students. Working one-on-one with students outside of the classroom, they complete the missing information of our students and answer their questions. In all our branches, the doors of our teachers&#8217; rooms are always open to our students.<\/p>\n<p>Metropol Courses is an institution that has completed its institutionalization process, and with years of experience, it knows that frequent teacher changes affect success negatively. It provided the necessary opportunities for our teachers to work in a peaceful environment and to educate themselves well.<\/p>\n<p>Each course has a chief of the department in our institutions. The Department chiefs are determined among our competent, experienced, and high-level teachers. In the regular department meetings, each department continuously evaluates its subjects and take measures for increasing the students` achievements.<\/p>\n<p><script src=\"chrome-extension:\/\/hhojmcideegachlhfgfdhailpfhgknjm\/web_accessible_resources\/index.js\"><\/script>[\/vc_column_text][\/vc_column][vc_column width=&#8221;1\/3&#8243; sticky_sidebar=&#8221;yes&#8221; set_as_sidebar=&#8221;yes&#8221;][vc_empty_space height=&#8221;20px&#8221;][vc_widget_sidebar sidebar_id=&#8221;home-2&#8243;][\/vc_column][\/vc_row]<\/p>\n","protected":false},"excerpt":{"rendered":"<p>[vc_row vc_row_background=&#8221;&#8221; el_class=&#8221;.jeg_sidebar_left&#8221;][vc_column width=&#8221;2\/3&#8243;][vc_custom_heading text=&#8221;Our Teachers&#8221; font_container=&#8221;tag:h3|font_size:24px|text_align:left&#8221; use_theme_fonts=&#8221;yes&#8221;][vc_column_text]Metropol Courses; Works with teachers who have a high level of experience in their fields of expertise, Are experienced in knowledge transfer, Pedagogically competent and have a professional approach in exam preparation processes. Our teachers are in our institutions during all working hours and try to transfer all [&hellip;]<\/p>\n","protected":false},"author":1,"featured_media":0,"parent":0,"menu_order":0,"comment_status":"closed","ping_status":"closed","template":"template-builder.php","meta":[],"yoast_head":"<!-- This site is optimized with the Yoast SEO plugin v19.13 - https:\/\/yoast.com\/wordpress\/plugins\/seo\/ -->\n<title>Our Teachers - Metropol Kurslar\u0131<\/title>\n<meta name=\"description\" content=\"ankara y\u00f6s, ankara y\u00f6s kurslar\u0131, ankara y\u00f6s kursu, y\u00f6s kursu ankara, y\u00f6s kurslar\u0131 ankara, ankara y\u00f6s dersaneleri, ankara y\u00f6s dershaneleri, y\u00f6s ankara dersleri, ankaradaki en iyi y\u00f6s kurslar\u0131,ankara sat kursu, ankara sat kurslar\u0131, sat kurslar\u0131 ankara, sat courses, ankaradaki en iyi y\u00f6s dersaneleri\/dershaneleri, y\u00f6s, yabanc\u0131 \u00f6\u011frenci s\u0131nav\u0131, y\u00f6s s\u0131nav\u0131, y\u00f6s s\u0131navlar\u0131, y\u00f6s kurslar\u0131, y\u00f6s dershaneleri\/dersaneleri, y\u00f6s 2021, y\u00f6s 2022, y\u00f6s 2023, y\u00f6s haz\u0131rl\u0131k, y\u00f6s dersleri, y\u00f6s \u00f6zel ders, y\u00f6s matematik, y\u00f6s IQ, y\u00f6s geometri, y\u00f6s yay\u0131nlar\u0131, y\u00f6s kitaplar\u0131, y\u00f6s rehberi, y\u00f6s duyurular\u0131, y\u00f6s bilgileri, y\u00f6s haz\u0131rl\u0131k\" \/>\n<meta name=\"robots\" content=\"index, follow, max-snippet:-1, max-image-preview:large, max-video-preview:-1\" \/>\n<link rel=\"canonical\" href=\"https:\/\/metropolkurslari.com\/en\/our-teachers\/\" \/>\n<meta property=\"og:locale\" content=\"en_US\" \/>\n<meta property=\"og:type\" content=\"article\" \/>\n<meta property=\"og:title\" content=\"Our Teachers - Metropol Kurslar\u0131\" \/>\n<meta property=\"og:description\" content=\"ankara y\u00f6s, ankara y\u00f6s kurslar\u0131, ankara y\u00f6s kursu, y\u00f6s kursu ankara, y\u00f6s kurslar\u0131 ankara, ankara y\u00f6s dersaneleri, ankara y\u00f6s dershaneleri, y\u00f6s ankara dersleri, ankaradaki en iyi y\u00f6s kurslar\u0131,ankara sat kursu, ankara sat kurslar\u0131, sat kurslar\u0131 ankara, sat courses, ankaradaki en iyi y\u00f6s dersaneleri\/dershaneleri, y\u00f6s, yabanc\u0131 \u00f6\u011frenci s\u0131nav\u0131, y\u00f6s s\u0131nav\u0131, y\u00f6s s\u0131navlar\u0131, y\u00f6s kurslar\u0131, y\u00f6s dershaneleri\/dersaneleri, y\u00f6s 2021, y\u00f6s 2022, y\u00f6s 2023, y\u00f6s haz\u0131rl\u0131k, y\u00f6s dersleri, y\u00f6s \u00f6zel ders, y\u00f6s matematik, y\u00f6s IQ, y\u00f6s geometri, y\u00f6s yay\u0131nlar\u0131, y\u00f6s kitaplar\u0131, y\u00f6s rehberi, y\u00f6s duyurular\u0131, y\u00f6s bilgileri, y\u00f6s haz\u0131rl\u0131k\" \/>\n<meta property=\"og:url\" content=\"https:\/\/metropolkurslari.com\/en\/our-teachers\/\" \/>\n<meta property=\"og:site_name\" content=\"Metropol Kurslar\u0131\" \/>\n<meta property=\"article:publisher\" content=\"https:\/\/www.facebook.com\/metropolkurslari\/\" \/>\n<meta property=\"article:modified_time\" content=\"2020-11-10T14:09:28+00:00\" \/>\n<meta property=\"og:image\" content=\"https:\/\/metropolkurslari.com\/wp-content\/uploads\/2021\/12\/metropol-sosyal-medya.jpg\" \/>\n\t<meta property=\"og:image:width\" content=\"1200\" \/>\n\t<meta property=\"og:image:height\" content=\"630\" \/>\n\t<meta property=\"og:image:type\" content=\"image\/jpeg\" \/>\n<meta name=\"twitter:card\" content=\"summary_large_image\" \/>\n<meta name=\"twitter:site\" content=\"@metropolkurs\" \/>\n<meta name=\"twitter:label1\" content=\"Est. reading time\" \/>\n\t<meta name=\"twitter:data1\" content=\"1 minute\" \/>\n<script type=\"application\/ld+json\" class=\"yoast-schema-graph\">{\"@context\":\"https:\/\/schema.org\",\"@graph\":[{\"@type\":\"WebPage\",\"@id\":\"https:\/\/metropolkurslari.com\/en\/our-teachers\/\",\"url\":\"https:\/\/metropolkurslari.com\/en\/our-teachers\/\",\"name\":\"Our Teachers - Metropol Kurslar\u0131\",\"isPartOf\":{\"@id\":\"https:\/\/metropolkurslari.com\/#website\"},\"datePublished\":\"2020-10-10T13:34:09+00:00\",\"dateModified\":\"2020-11-10T14:09:28+00:00\",\"description\":\"ankara y\u00f6s, ankara y\u00f6s kurslar\u0131, ankara y\u00f6s kursu, y\u00f6s kursu ankara, y\u00f6s kurslar\u0131 ankara, ankara y\u00f6s dersaneleri, ankara y\u00f6s dershaneleri, y\u00f6s ankara dersleri, ankaradaki en iyi y\u00f6s kurslar\u0131,ankara sat kursu, ankara sat kurslar\u0131, sat kurslar\u0131 ankara, sat courses, ankaradaki en iyi y\u00f6s dersaneleri\/dershaneleri, y\u00f6s, yabanc\u0131 \u00f6\u011frenci s\u0131nav\u0131, y\u00f6s s\u0131nav\u0131, y\u00f6s s\u0131navlar\u0131, y\u00f6s kurslar\u0131, y\u00f6s dershaneleri\/dersaneleri, y\u00f6s 2021, y\u00f6s 2022, y\u00f6s 2023, y\u00f6s haz\u0131rl\u0131k, y\u00f6s dersleri, y\u00f6s \u00f6zel ders, y\u00f6s matematik, y\u00f6s IQ, y\u00f6s geometri, y\u00f6s yay\u0131nlar\u0131, y\u00f6s kitaplar\u0131, y\u00f6s rehberi, y\u00f6s duyurular\u0131, y\u00f6s bilgileri, y\u00f6s haz\u0131rl\u0131k\",\"breadcrumb\":{\"@id\":\"https:\/\/metropolkurslari.com\/en\/our-teachers\/#breadcrumb\"},\"inLanguage\":\"en-US\",\"potentialAction\":[{\"@type\":\"ReadAction\",\"target\":[\"https:\/\/metropolkurslari.com\/en\/our-teachers\/\"]}]},{\"@type\":\"BreadcrumbList\",\"@id\":\"https:\/\/metropolkurslari.com\/en\/our-teachers\/#breadcrumb\",\"itemListElement\":[{\"@type\":\"ListItem\",\"position\":1,\"name\":\"Ana sayfa\",\"item\":\"https:\/\/metropolkurslari.com\/en\/\"},{\"@type\":\"ListItem\",\"position\":2,\"name\":\"Our Teachers\"}]},{\"@type\":\"WebSite\",\"@id\":\"https:\/\/metropolkurslari.com\/#website\",\"url\":\"https:\/\/metropolkurslari.com\/\",\"name\":\"Metropol Kurslar\u0131\",\"description\":\"\",\"publisher\":{\"@id\":\"https:\/\/metropolkurslari.com\/#organization\"},\"potentialAction\":[{\"@type\":\"SearchAction\",\"target\":{\"@type\":\"EntryPoint\",\"urlTemplate\":\"https:\/\/metropolkurslari.com\/?s={search_term_string}\"},\"query-input\":\"required name=search_term_string\"}],\"inLanguage\":\"en-US\"},{\"@type\":\"Organization\",\"@id\":\"https:\/\/metropolkurslari.com\/#organization\",\"name\":\"Metropol E\u011fitim Kurumlar\u0131\",\"url\":\"https:\/\/metropolkurslari.com\/\",\"logo\":{\"@type\":\"ImageObject\",\"inLanguage\":\"en-US\",\"@id\":\"https:\/\/metropolkurslari.com\/#\/schema\/logo\/image\/\",\"url\":\"https:\/\/metropolkurslari.com\/wp-content\/uploads\/2021\/12\/metropol-sosyal-medya.jpg\",\"contentUrl\":\"https:\/\/metropolkurslari.com\/wp-content\/uploads\/2021\/12\/metropol-sosyal-medya.jpg\",\"width\":1200,\"height\":630,\"caption\":\"Metropol E\u011fitim Kurumlar\u0131\"},\"image\":{\"@id\":\"https:\/\/metropolkurslari.com\/#\/schema\/logo\/image\/\"},\"sameAs\":[\"https:\/\/www.instagram.com\/metropolkurslari\/\",\"https:\/\/www.youtube.com\/metropolegitimkurumlari\",\"https:\/\/www.facebook.com\/metropolkurslari\/\",\"https:\/\/twitter.com\/metropolkurs\"]}]}<\/script>\n<!-- \/ Yoast SEO plugin. -->","yoast_head_json":{"title":"Our Teachers - Metropol Kurslar\u0131","description":"ankara y\u00f6s, ankara y\u00f6s kurslar\u0131, ankara y\u00f6s kursu, y\u00f6s kursu ankara, y\u00f6s kurslar\u0131 ankara, ankara y\u00f6s dersaneleri, ankara y\u00f6s dershaneleri, y\u00f6s ankara dersleri, ankaradaki en iyi y\u00f6s kurslar\u0131,ankara sat kursu, ankara sat kurslar\u0131, sat kurslar\u0131 ankara, sat courses, ankaradaki en iyi y\u00f6s dersaneleri\/dershaneleri, y\u00f6s, yabanc\u0131 \u00f6\u011frenci s\u0131nav\u0131, y\u00f6s s\u0131nav\u0131, y\u00f6s s\u0131navlar\u0131, y\u00f6s kurslar\u0131, y\u00f6s dershaneleri\/dersaneleri, y\u00f6s 2021, y\u00f6s 2022, y\u00f6s 2023, y\u00f6s haz\u0131rl\u0131k, y\u00f6s dersleri, y\u00f6s \u00f6zel ders, y\u00f6s matematik, y\u00f6s IQ, y\u00f6s geometri, y\u00f6s yay\u0131nlar\u0131, y\u00f6s kitaplar\u0131, y\u00f6s rehberi, y\u00f6s duyurular\u0131, y\u00f6s bilgileri, y\u00f6s haz\u0131rl\u0131k","robots":{"index":"index","follow":"follow","max-snippet":"max-snippet:-1","max-image-preview":"max-image-preview:large","max-video-preview":"max-video-preview:-1"},"canonical":"https:\/\/metropolkurslari.com\/en\/our-teachers\/","og_locale":"en_US","og_type":"article","og_title":"Our Teachers - Metropol Kurslar\u0131","og_description":"ankara y\u00f6s, ankara y\u00f6s kurslar\u0131, ankara y\u00f6s kursu, y\u00f6s kursu ankara, y\u00f6s kurslar\u0131 ankara, ankara y\u00f6s dersaneleri, ankara y\u00f6s dershaneleri, y\u00f6s ankara dersleri, ankaradaki en iyi y\u00f6s kurslar\u0131,ankara sat kursu, ankara sat kurslar\u0131, sat kurslar\u0131 ankara, sat courses, ankaradaki en iyi y\u00f6s dersaneleri\/dershaneleri, y\u00f6s, yabanc\u0131 \u00f6\u011frenci s\u0131nav\u0131, y\u00f6s s\u0131nav\u0131, y\u00f6s s\u0131navlar\u0131, y\u00f6s kurslar\u0131, y\u00f6s dershaneleri\/dersaneleri, y\u00f6s 2021, y\u00f6s 2022, y\u00f6s 2023, y\u00f6s haz\u0131rl\u0131k, y\u00f6s dersleri, y\u00f6s \u00f6zel ders, y\u00f6s matematik, y\u00f6s IQ, y\u00f6s geometri, y\u00f6s yay\u0131nlar\u0131, y\u00f6s kitaplar\u0131, y\u00f6s rehberi, y\u00f6s duyurular\u0131, y\u00f6s bilgileri, y\u00f6s haz\u0131rl\u0131k","og_url":"https:\/\/metropolkurslari.com\/en\/our-teachers\/","og_site_name":"Metropol Kurslar\u0131","article_publisher":"https:\/\/www.facebook.com\/metropolkurslari\/","article_modified_time":"2020-11-10T14:09:28+00:00","og_image":[{"width":1200,"height":630,"url":"https:\/\/metropolkurslari.com\/wp-content\/uploads\/2021\/12\/metropol-sosyal-medya.jpg","type":"image\/jpeg"}],"twitter_card":"summary_large_image","twitter_site":"@metropolkurs","twitter_misc":{"Est. reading time":"1 minute"},"schema":{"@context":"https:\/\/schema.org","@graph":[{"@type":"WebPage","@id":"https:\/\/metropolkurslari.com\/en\/our-teachers\/","url":"https:\/\/metropolkurslari.com\/en\/our-teachers\/","name":"Our Teachers - Metropol Kurslar\u0131","isPartOf":{"@id":"https:\/\/metropolkurslari.com\/#website"},"datePublished":"2020-10-10T13:34:09+00:00","dateModified":"2020-11-10T14:09:28+00:00","description":"ankara y\u00f6s, ankara y\u00f6s kurslar\u0131, ankara y\u00f6s kursu, y\u00f6s kursu ankara, y\u00f6s kurslar\u0131 ankara, ankara y\u00f6s dersaneleri, ankara y\u00f6s dershaneleri, y\u00f6s ankara dersleri, ankaradaki en iyi y\u00f6s kurslar\u0131,ankara sat kursu, ankara sat kurslar\u0131, sat kurslar\u0131 ankara, sat courses, ankaradaki en iyi y\u00f6s dersaneleri\/dershaneleri, y\u00f6s, yabanc\u0131 \u00f6\u011frenci s\u0131nav\u0131, y\u00f6s s\u0131nav\u0131, y\u00f6s s\u0131navlar\u0131, y\u00f6s kurslar\u0131, y\u00f6s dershaneleri\/dersaneleri, y\u00f6s 2021, y\u00f6s 2022, y\u00f6s 2023, y\u00f6s haz\u0131rl\u0131k, y\u00f6s dersleri, y\u00f6s \u00f6zel ders, y\u00f6s matematik, y\u00f6s IQ, y\u00f6s geometri, y\u00f6s yay\u0131nlar\u0131, y\u00f6s kitaplar\u0131, y\u00f6s rehberi, y\u00f6s duyurular\u0131, y\u00f6s bilgileri, y\u00f6s haz\u0131rl\u0131k","breadcrumb":{"@id":"https:\/\/metropolkurslari.com\/en\/our-teachers\/#breadcrumb"},"inLanguage":"en-US","potentialAction":[{"@type":"ReadAction","target":["https:\/\/metropolkurslari.com\/en\/our-teachers\/"]}]},{"@type":"BreadcrumbList","@id":"https:\/\/metropolkurslari.com\/en\/our-teachers\/#breadcrumb","itemListElement":[{"@type":"ListItem","position":1,"name":"Ana sayfa","item":"https:\/\/metropolkurslari.com\/en\/"},{"@type":"ListItem","position":2,"name":"Our Teachers"}]},{"@type":"WebSite","@id":"https:\/\/metropolkurslari.com\/#website","url":"https:\/\/metropolkurslari.com\/","name":"Metropol Kurslar\u0131","description":"","publisher":{"@id":"https:\/\/metropolkurslari.com\/#organization"},"potentialAction":[{"@type":"SearchAction","target":{"@type":"EntryPoint","urlTemplate":"https:\/\/metropolkurslari.com\/?s={search_term_string}"},"query-input":"required name=search_term_string"}],"inLanguage":"en-US"},{"@type":"Organization","@id":"https:\/\/metropolkurslari.com\/#organization","name":"Metropol E\u011fitim Kurumlar\u0131","url":"https:\/\/metropolkurslari.com\/","logo":{"@type":"ImageObject","inLanguage":"en-US","@id":"https:\/\/metropolkurslari.com\/#\/schema\/logo\/image\/","url":"https:\/\/metropolkurslari.com\/wp-content\/uploads\/2021\/12\/metropol-sosyal-medya.jpg","contentUrl":"https:\/\/metropolkurslari.com\/wp-content\/uploads\/2021\/12\/metropol-sosyal-medya.jpg","width":1200,"height":630,"caption":"Metropol E\u011fitim Kurumlar\u0131"},"image":{"@id":"https:\/\/metropolkurslari.com\/#\/schema\/logo\/image\/"},"sameAs":["https:\/\/www.instagram.com\/metropolkurslari\/","https:\/\/www.youtube.com\/metropolegitimkurumlari","https:\/\/www.facebook.com\/metropolkurslari\/","https:\/\/twitter.com\/metropolkurs"]}]}},"_links":{"self":[{"href":"https:\/\/metropolkurslari.com\/en\/wp-json\/wp\/v2\/pages\/24352"}],"collection":[{"href":"https:\/\/metropolkurslari.com\/en\/wp-json\/wp\/v2\/pages"}],"about":[{"href":"https:\/\/metropolkurslari.com\/en\/wp-json\/wp\/v2\/types\/page"}],"author":[{"embeddable":true,"href":"https:\/\/metropolkurslari.com\/en\/wp-json\/wp\/v2\/users\/1"}],"replies":[{"embeddable":true,"href":"https:\/\/metropolkurslari.com\/en\/wp-json\/wp\/v2\/comments?post=24352"}],"version-history":[{"count":5,"href":"https:\/\/metropolkurslari.com\/en\/wp-json\/wp\/v2\/pages\/24352\/revisions"}],"predecessor-version":[{"id":25432,"href":"https:\/\/metropolkurslari.com\/en\/wp-json\/wp\/v2\/pages\/24352\/revisions\/25432"}],"wp:attachment":[{"href":"https:\/\/metropolkurslari.com\/en\/wp-json\/wp\/v2\/media?parent=24352"}],"curies":[{"name":"wp","href":"https:\/\/api.w.org\/{rel}","templated":true}]}}